{"id":1515,"date":"2026-02-03T17:34:54","date_gmt":"2026-02-03T17:34:54","guid":{"rendered":"https:\/\/nomad-tribe.com\/index.php\/politica-de-privacidad\/"},"modified":"2026-02-03T18:10:25","modified_gmt":"2026-02-03T18:10:25","slug":"politica-de-privacidad","status":"publish","type":"page","link":"https:\/\/nomad-tribe.com\/index.php\/politica-de-privacidad\/","title":{"rendered":"T\u00e9rminos y condiciones"},"content":{"rendered":"\t\t<div data-elementor-type=\"wp-page\" data-elementor-id=\"1515\" class=\"elementor elementor-1515\">\n\t\t\t\t<div class=\"elementor-element elementor-element-315f271 e-flex e-con-boxed e-con e-parent\" data-id=\"315f271\" data-element_type=\"container\" data-e-type=\"container\">\n\t\t\t\t\t<div class=\"e-con-inner\">\n\t\t\t\t<div class=\"elementor-element elementor-element-9d4d8dd elementor-widget elementor-widget-text-editor\" data-id=\"9d4d8dd\" data-element_type=\"widget\" data-e-type=\"widget\" data-widget_type=\"text-editor.default\">\n\t\t\t\t\t\t\t\t\t<h2><b>T\u00c9RMINOS Y CONDICIONES<\/b><\/h2><p>\u00a0<\/p><h3><b>T\u00e9rminos y condiciones de la reserva de un viaje con nosotros:<\/b><\/h3><h3><b>Pago de una reserva:<\/b><\/h3><p><b>\u2013 Contacto para formular la reserva:<\/b><span style=\"font-weight: 400;\">\u00a0Nuestras reservas se emiten una vez se haya contactado directamente con un miembro de Nomad Tribe a trav\u00e9s de WhatsApp, correo electr\u00f3nico o formulario de solicitud de reserva.<\/span><\/p><p><b>-Pagos:<\/b><span style=\"font-weight: 400;\">\u00a0Para pagar una reserva solo se podr\u00e1 hacer mediante transferencia bancaria (el cliente pagar\u00e1 siempre la comisi\u00f3n o gastos bancarios sea nacional o internacional), tarjeta o efectivo.<\/span><span style=\"font-weight: 400;\"><br \/><br \/><\/span><\/p><p><span style=\"font-weight: 400;\">Debido a la demanda de permisos y excursiones programadas con otras empresas\u00a0colaboradoras\u00a0locales y entidades de los estados en cuesti\u00f3n, es importante\u00a0tener en cuenta las pol\u00edticas internas de\u00a0reserva y\u00a0cancelaci\u00f3n.\u00a0\u00a0<\/span><span style=\"font-weight: 400;\"><br \/><\/span><span style=\"font-weight: 400;\">Para reservar tu plaza\u00a0del viaje en grupo reducido a\u00a0Raja\u00a0Ampat, Nepal o\u00a0Tromso\u00a0se tendr\u00e1 que realizar el pago\u00a0de al menos el 50% del total del viaje. El siguiente pago fraccionado del restante 50% tendr\u00e1 que realizarse con un plazo m\u00e1ximo de 3 meses desde el primer pago.\u00a0<\/span><span style=\"font-weight: 400;\"><br \/><\/span><span style=\"font-weight: 400;\">Si la reserva se realiza a falta de 3 meses o menos del inicio del viaje, el pago tendr\u00e1 que ser directamente del total del viaje.\u00a0<\/span><span style=\"font-weight: 400;\"><br \/><\/span><span style=\"font-weight: 400;\">Para poder llevar a cabo\u00a0este viaje, tendremos que reunir al menos un grupo de 4 viajeros que nos acompa\u00f1en a esta aventura.\u00a0Nomad\u00a0Tribe\u00a0se encargar\u00e1 de hacer todas las reservas que engloben la organizaci\u00f3n del viaje (alquileres de veh\u00edculos, alojamientos, gu\u00edas, actividades, comidas&#8230;). El cliente solo tendr\u00e1 que preocuparse de tener al d\u00eda la documentaci\u00f3n necesaria para el viaje: vuelos, visados y vacunas si hace falta.\u00a0<\/span><span style=\"font-weight: 400;\"><br \/><\/span><span style=\"font-weight: 400;\"><br \/><\/span><span style=\"font-weight: 400;\">Todos los pagos mediante transferencia se llevar\u00e1n a cabo al siguiente n\u00famero de cuenta bancario (IBAN):\u00a0<\/span><span style=\"font-weight: 400;\"><br \/><\/span><span style=\"font-weight: 400;\">ES83 2100 0812 1301 0460 6490<\/span><span style=\"font-weight: 400;\"><br \/><\/span><span style=\"font-weight: 400;\">Al concepto se tendr\u00e1 que indicar vuestro NOMBRE y APELLIDO y el viaje en cuesti\u00f3n.\u00a0En caso de venir m\u00e1s de una persona, tendr\u00e9is que indicar el n\u00famero de participantes en la misma reserva.\u00a0<\/span><span style=\"font-weight: 400;\"><br \/><\/span><span style=\"font-weight: 400;\">Ejemplo\u00a0individual: MARC PI\u00d1OL\u00a0TROMSO<\/span><span style=\"font-weight: 400;\"><br \/><\/span><span style=\"font-weight: 400;\">Ejemplo grupo:\u00a03x\u00a0MARC PI\u00d1OL\u00a0TROMSO\u00a0<\/span><span style=\"font-weight: 400;\"><br \/><\/span><span style=\"font-weight: 400;\"><br \/><\/span><span style=\"font-weight: 400;\">Una vez recibida la transferencia\u00a0bancaria, nos pondremos en contacto con vosotros y os haremos llegar la confirmaci\u00f3n de reserva con toda la informaci\u00f3n necesaria del viaje\u00a0y empezar\u00e1 el asesoramiento por todo aquello que ten\u00e9is que tener en cuenta y en el d\u00eda para poder uniros a la aventura con\u00a0Nomad\u00a0Tribe.\u00a0<\/span><span style=\"font-weight: 400;\"><br \/><\/span><span style=\"font-weight: 400;\">Es recomendable obtener un seguro que nos cubra cualquier problem\u00e1tica con los vuelos que adquir\u00eds para llegar y salir del pa\u00eds. Viajar siempre tiene esta parte de riesgo que creemos necesario mencionar y as\u00ed evitar sustos.\u00a0Como agencia de viajes nos encargamos del asesoramiento y, por lo tanto, cualquier duda o cuesti\u00f3n. Estamos aqu\u00ed para ayudar y planificar el viaje de la manera m\u00e1s segura y viable posible.\u00a0<\/span><span style=\"font-weight: 400;\"><br \/><\/span><span style=\"font-weight: 400;\">\u00a0<\/span><span style=\"font-weight: 400;\"><br \/><\/span><span style=\"font-weight: 400;\">Penalizaciones escalonadas:\u00a0<\/span><span style=\"font-weight: 400;\"><br \/><\/span><span style=\"font-weight: 400;\">M\u00e1s de 60 d\u00edas antes del inicio del viaje: se devuelve el 75% del precio total\u00a0del viaje<\/span><span style=\"font-weight: 400;\"><br \/><\/span><span style=\"font-weight: 400;\">Entre\u00a030\u00a0y 59\u00a0d\u00edas antes del inicio del viaje: se devuelve el\u00a050%\u00a0del precio total\u00a0del viaje<\/span><span style=\"font-weight: 400;\"><br \/><\/span><span style=\"font-weight: 400;\">Entre 10\u00a0y 29 d\u00edas antes del inicio del viaje:\u00a0se devuelve el\u00a025% del\u00a0precio\u00a0total\u00a0del viaje<\/span><span style=\"font-weight: 400;\"><br \/><\/span><span style=\"font-weight: 400;\">Menos de 10 d\u00edas antes del inicio\u00a0del viaje: se devuelve el 0% del precio total\u00a0del viaje<\/span><span style=\"font-weight: 400;\"><br \/><br \/><\/span><\/p><p><span style=\"font-weight: 400;\">Nomad\u00a0Tribe\u00a0podr\u00e1 cancelar el viaje\u00a0por el motivo\u00a0de conveniencia\u00a0que sea\u00a0hasta 30 d\u00edas antes de\u00a0la fecha de inicio del viaje. En este caso, el retorno\u00a0al cliente ser\u00e1 del 100% del importe pagado hasta la fecha a\u00a0Nomad\u00a0Tribe.<\/span><\/p><p><span style=\"font-weight: 400;\"><br \/><\/span><span style=\"font-weight: 400;\">Los posibles motivos que pueden llevar a la cancelaci\u00f3n del viaje\u00a0podr\u00edan\u00a0ser entre otros:<\/span><span style=\"font-weight: 400;\"><br \/><\/span><span style=\"font-weight: 400;\">&#8211; Conflictos b\u00e9licos del destino<\/span><span style=\"font-weight: 400;\"><br \/><\/span><span style=\"font-weight: 400;\">&#8211; Meteorolog\u00eda no adecuada<\/span><span style=\"font-weight: 400;\"><br \/><\/span><span style=\"font-weight: 400;\">&#8211; Cancelaci\u00f3n por parte de los organizadores\/emprendidas\/proveedores locales<\/span><span style=\"font-weight: 400;\"><br \/><\/span><span style=\"font-weight: 400;\">&#8211; N\u00famero m\u00ednimo de participantes no conseguido (4 participantes)<\/span><\/p><p><span style=\"font-weight: 400;\"><br \/><\/span><span style=\"font-weight: 400;\">Los vuelos adquiridos por los clientes no est\u00e1n incluidos en este retorno, de aqu\u00ed la importancia de obtener un seguro de viaje que cubra estos casos.\u00a0<\/span><\/p><p><span style=\"font-weight: 400;\"><br \/><\/span><span style=\"font-weight: 400;\">Todos los viajes est\u00e1n organizados por\u00a0Nomad\u00a0Tribe\u00a0y cuenta con la colaboraci\u00f3n de otras empresas y agentes locales que formar\u00e1n parte en todas las expediciones. Las actividades ir\u00e1n de la mano de la\u00a0mateorolog\u00eda\u00a0y otros factores externos incontrolables y que por lo tanto pueden afectar a su realizaci\u00f3n. Es por eso que, en caso de suspensi\u00f3n total de la actividad y por lo tanto, la no realizaci\u00f3n de la misma, se har\u00e1 el retorno total del coste de la actividad en cuesti\u00f3n de cada participante.<\/span><\/p><p><span style=\"font-weight: 400;\"><br \/><\/span><span style=\"font-weight: 400;\">No se\u00a0garantiza\u00a0el\u00a0avistamiento\u00a0de ninguna especie ni\u00a0fen\u00f3meno\u00a0natural mencionado a la explicaci\u00f3n del viaje. Siempre se tendr\u00e1 como objetivo inicial de su investigaci\u00f3n y hallazgo, pero al final dependemos totalmente de la naturaleza y no siempre se tiene la suerte de cumplir con los objetivos programados.<\/span><span style=\"font-weight: 400;\"><br \/><\/span><span style=\"font-weight: 400;\"><br \/><\/span><span style=\"font-weight: 400;\">En caso de accidente o enfermedad, se tendr\u00e1 que hacer uso del seguro de viaje personal para poder recibir asistencia. En caso de abandono de la expedici\u00f3n, el seguro ser\u00e1 el responsable de estar al cargo del paciente\/accidentado. El gu\u00eda de la expedici\u00f3n tendr\u00e1 que continuar con el programa inicial y continuar con el resto del grupo de expedici\u00f3n. Aun y as\u00ed, estar\u00e1 pendiente en todo momento de que la persona afectada est\u00e9 en buenas condiciones y lo tengan en todo momento controlado m\u00e9dicamente. El gu\u00eda\/organizador de viaje, ser\u00e1 la conexi\u00f3n directo entre afectado y agentes m\u00e9dico\/rescate.<\/span><span style=\"font-weight: 400;\"><br \/><br \/><\/span><\/p><p><b>-Aprobar una reserva:<\/b><span style=\"font-weight: 400;\">\u00a0Para formular la reserva se deber\u00e1 de proporcionar el nombre, apellidos, n\u00famero de DNI y direcci\u00f3n de domicilio de cada participante o un responsable de grupo. Una vez se haya recibido esta informaci\u00f3n se enviar\u00e1 una confirmaci\u00f3n de reserva donde quedar\u00e1 detallado los datos del viaje, el m\u00e9todo de pago, el importe a pagar y todos los t\u00e9rminos a tener en cuenta antes de efectuar el pago. Una vez se produce el primer pago de la reserva, quedan aceptados todos los t\u00e9rminos citados.<\/span><\/p><p><b>-Emisi\u00f3n de la factura:<\/b><span style=\"font-weight: 400;\">\u00a0Cuando se realice uno o varios pagos de reserva, se proporcionar\u00e1 una factura con los datos personales o comerciales que se dieron en la confirmaci\u00f3n de reserva. Esta factura estar\u00e1 siempre disponible al cliente que formule la reserva.<\/span><\/p><p><b>-Incumplimiento de pagos:<\/b><span style=\"font-weight: 400;\">\u00a0Siempre y cuando no se respete el procedimiento de pago establecido en los t\u00e9rminos y condiciones de la reserva, Nomad Tribe tendr\u00e1 derecho a cancelar la reserva del cliente sin opci\u00f3n a reembolso o cambio de fechas o destino.<\/span><\/p><h3><b>Cancelaci\u00f3n o modificaci\u00f3n de la reserva<\/b><\/h3><p><b>\u2013 Cancelaci\u00f3n o modificaci\u00f3n:<\/b><span style=\"font-weight: 400;\">\u00a0Cualquier cancelaci\u00f3n o modificaci\u00f3n de la reserva deber\u00e1 llegar directamente por escrito a trav\u00e9s de los medios de contacto de Nomad Tribe para anunciarlo. Nomad Tribe valorar\u00e1 la petici\u00f3n y se buscar\u00e1 la soluci\u00f3n adecuada respetando siempre los t\u00e9rminos y condiciones de la reserva.<\/span><\/p><p><b>\u2013 Gastos de cancelaci\u00f3n:<\/b><span style=\"font-weight: 400;\">\u00a0La reserva tendr\u00e1 unos gastos de cancelaci\u00f3n siempre y cuando se efect\u00fae el primer pago. \u00c9ste nunca ser\u00e1 reembolsable salvo que se encuentre a otro participante dispuesto a ocupar esa plaza. Solo as\u00ed, se devolver\u00e1 el importe total de la reserva a la persona que cancela. Los gastos de cancelaci\u00f3n de\u00a0 otros servicios adicionales contratados no est\u00e1n incluidos en la tarifa del viaje y est\u00e1n sujetos a los t\u00e9rminos y gastos establecidos por el proveedor.<\/span><\/p><h3><b>Cancelaci\u00f3n por causas ajenas<\/b><\/h3><p><b>\u2013 Motivos por los que Nomad Tribe no es responsable de devoluciones:<\/b><span style=\"font-weight: 400;\">\u00a0Terrorismo, atentados, conflictos civiles, huelgas, pandemias, enfermedades, epidemias, accidentes, lesiones, da\u00f1os, p\u00e9rdidas, robos, cuarentenas, regulaciones aduaneras, cambios en itinerarios de vuelos, retrasos, deportaci\u00f3n, denegaci\u00f3n de entrada por las autoridades de inmigraci\u00f3n, o cualquier otra circunstancia fuera de nuestro control.<\/span><\/p><p><b>\u2013 Si esto ocurre:<\/b><span style=\"font-weight: 400;\">\u00a0los clientes afectados recibir\u00e1n una valoraci\u00f3n de reembolso parcial o alternativa de cambio de fechas al viaje siempre y cuando haya disponibilidad para aplicarse.\u00a0<\/span><\/p><p><b>\u2013 Cambios de tarifa en los servicios:<\/b><span style=\"font-weight: 400;\">\u00a0Si hay alguna modificaci\u00f3n en la tarifa del presupuesto del viaje por causas ajenas, podr\u00e1 afectar al precio final del viaje.<\/span><\/p><h3><b>Seguro m\u00e9dico y de viaje<\/b><\/h3><p><b>\u2013 Seguro m\u00e9dico y de viaje:<\/b><span style=\"font-weight: 400;\">\u00a0No es obligatorio pero es altamente recomendable reservar un seguro m\u00e9dico y de viaje cuando se visita otro pa\u00eds por cualquier cosa que pueda pasar. Al no contratar este tipo de seguros, Nomad Tribe no podr\u00e1 hacer nada (dentro de la legalidad del seguro de la compa\u00f1\u00eda) para solucionar cualquier problema de este tipo.\u00a0<\/span><\/p><h3><b>El cliente debe aceptar que:<\/b><\/h3><p><b>\u2013 Alojamiento:\u00a0<\/b><span style=\"font-weight: 400;\">\u00a0El alojamiento del grupo podr\u00e1 ser espacio privado o compartido (en funci\u00f3n del destino) para todos los participantes del viaje y compartir\u00e1n zonas comunes as\u00ed como ba\u00f1os, lavabos o cocina (salvo modificaci\u00f3n anunciada a los participantes). Las personas que viajan solas puede que compartan habitaci\u00f3n con otro o m\u00e1s participantes del grupo (preferiblemente del mismo g\u00e9nero siempre y cuando sea posible). Si no, la opci\u00f3n de alojarse en otro alojamiento siempre correr\u00e1 a cargo del cliente.<\/span><\/p>\t\t\t\t\t\t\t\t<\/div>\n\t\t\t\t\t<\/div>\n\t\t\t\t<\/div>\n\t\t\t\t<\/div>\n\t\t","protected":false},"excerpt":{"rendered":"<p>T\u00c9RMINOS Y CONDICIONES \u00a0 T\u00e9rminos y condiciones de la reserva de un viaje con nosotros: Pago de una reserva: \u2013 [&hellip;]<\/p>\n","protected":false},"author":1,"featured_media":0,"parent":0,"menu_order":0,"comment_status":"closed","ping_status":"closed","template":"","meta":{"site-sidebar-layout":"no-sidebar","site-content-layout":"","ast-site-content-layout":"full-width-container","site-content-style":"default","site-sidebar-style":"default","ast-global-header-display":"","ast-banner-title-visibility":"","ast-main-header-display":"","ast-hfb-above-header-display":"","ast-hfb-below-header-display":"","ast-hfb-mobile-header-display":"","site-post-title":"disabled","ast-breadcrumbs-content":"","ast-featured-img":"disabled","footer-sml-layout":"","ast-disable-related-posts":"","theme-transparent-header-meta":"","adv-header-id-meta":"","stick-header-meta":"","header-above-stick-meta":"","header-main-stick-meta":"","header-below-stick-meta":"","astra-migrate-meta-layouts":"default","ast-page-background-enabled":"default","ast-page-background-meta":{"desktop":{"background-color":"var(--ast-global-color-5)","background-image":"","background-repeat":"repeat","background-position":"center center","background-size":"auto","background-attachment":"scroll","background-type":"","background-media":"","overlay-type":"","overlay-color":"","overlay-opacity":"","overlay-gradient":""},"tablet":{"background-color":"","background-image":"","background-repeat":"repeat","background-position":"center center","background-size":"auto","background-attachment":"scroll","background-type":"","background-media":"","overlay-type":"","overlay-color":"","overlay-opacity":"","overlay-gradient":""},"mobile":{"background-color":"","background-image":"","background-repeat":"repeat","background-position":"center center","background-size":"auto","background-attachment":"scroll","background-type":"","background-media":"","overlay-type":"","overlay-color":"","overlay-opacity":"","overlay-gradient":""}},"ast-content-background-meta":{"desktop":{"background-color":"var(--ast-global-color-4)","background-image":"","background-repeat":"repeat","background-position":"center center","background-size":"auto","background-attachment":"scroll","background-type":"","background-media":"","overlay-type":"","overlay-color":"","overlay-opacity":"","overlay-gradient":""},"tablet":{"background-color":"var(--ast-global-color-4)","background-image":"","background-repeat":"repeat","background-position":"center center","background-size":"auto","background-attachment":"scroll","background-type":"","background-media":"","overlay-type":"","overlay-color":"","overlay-opacity":"","overlay-gradient":""},"mobile":{"background-color":"var(--ast-global-color-4)","background-image":"","background-repeat":"repeat","background-position":"center center","background-size":"auto","background-attachment":"scroll","background-type":"","background-media":"","overlay-type":"","overlay-color":"","overlay-opacity":"","overlay-gradient":""}},"footnotes":""},"class_list":["post-1515","page","type-page","status-publish","hentry"],"yoast_head":"<!-- This site is optimized with the Yoast SEO plugin v27.3 - https:\/\/yoast.com\/product\/yoast-seo-wordpress\/ -->\n<title>T\u00e9rminos y condiciones -<\/title>\n<meta name=\"robots\" content=\"index, follow, max-snippet:-1, max-image-preview:large, max-video-preview:-1\" \/>\n<link rel=\"canonical\" href=\"https:\/\/nomad-tribe.com\/index.php\/politica-de-privacidad\/\" \/>\n<meta property=\"og:locale\" content=\"ca_ES\" \/>\n<meta property=\"og:type\" content=\"article\" \/>\n<meta property=\"og:title\" content=\"T\u00e9rminos y condiciones -\" \/>\n<meta property=\"og:description\" content=\"T\u00c9RMINOS Y CONDICIONES \u00a0 T\u00e9rminos y condiciones de la reserva de un viaje con nosotros: Pago de una reserva: \u2013 [&hellip;]\" \/>\n<meta property=\"og:url\" content=\"https:\/\/nomad-tribe.com\/index.php\/politica-de-privacidad\/\" \/>\n<meta property=\"article:modified_time\" content=\"2026-02-03T18:10:25+00:00\" \/>\n<meta name=\"twitter:card\" content=\"summary_large_image\" \/>\n<meta name=\"twitter:label1\" content=\"Temps estimat de lectura\" \/>\n\t<meta name=\"twitter:data1\" content=\"8 minuts\" \/>\n<script type=\"application\/ld+json\" class=\"yoast-schema-graph\">{\"@context\":\"https:\\\/\\\/schema.org\",\"@graph\":[{\"@type\":\"WebPage\",\"@id\":\"https:\\\/\\\/nomad-tribe.com\\\/index.php\\\/politica-de-privacidad\\\/\",\"url\":\"https:\\\/\\\/nomad-tribe.com\\\/index.php\\\/politica-de-privacidad\\\/\",\"name\":\"T\u00e9rminos y condiciones -\",\"isPartOf\":{\"@id\":\"https:\\\/\\\/nomad-tribe.com\\\/#website\"},\"datePublished\":\"2026-02-03T17:34:54+00:00\",\"dateModified\":\"2026-02-03T18:10:25+00:00\",\"breadcrumb\":{\"@id\":\"https:\\\/\\\/nomad-tribe.com\\\/index.php\\\/politica-de-privacidad\\\/#breadcrumb\"},\"inLanguage\":\"ca\",\"potentialAction\":[{\"@type\":\"ReadAction\",\"target\":[\"https:\\\/\\\/nomad-tribe.com\\\/index.php\\\/politica-de-privacidad\\\/\"]}]},{\"@type\":\"BreadcrumbList\",\"@id\":\"https:\\\/\\\/nomad-tribe.com\\\/index.php\\\/politica-de-privacidad\\\/#breadcrumb\",\"itemListElement\":[{\"@type\":\"ListItem\",\"position\":1,\"name\":\"Inici\",\"item\":\"https:\\\/\\\/nomad-tribe.com\\\/\"},{\"@type\":\"ListItem\",\"position\":2,\"name\":\"T\u00e9rminos y condiciones\"}]},{\"@type\":\"WebSite\",\"@id\":\"https:\\\/\\\/nomad-tribe.com\\\/#website\",\"url\":\"https:\\\/\\\/nomad-tribe.com\\\/\",\"name\":\"\",\"description\":\"Viatges que es viuen un cop a la vida\",\"potentialAction\":[{\"@type\":\"SearchAction\",\"target\":{\"@type\":\"EntryPoint\",\"urlTemplate\":\"https:\\\/\\\/nomad-tribe.com\\\/?s={search_term_string}\"},\"query-input\":{\"@type\":\"PropertyValueSpecification\",\"valueRequired\":true,\"valueName\":\"search_term_string\"}}],\"inLanguage\":\"ca\"}]}<\/script>\n<!-- \/ Yoast SEO plugin. -->","yoast_head_json":{"title":"T\u00e9rminos y condiciones -","robots":{"index":"index","follow":"follow","max-snippet":"max-snippet:-1","max-image-preview":"max-image-preview:large","max-video-preview":"max-video-preview:-1"},"canonical":"https:\/\/nomad-tribe.com\/index.php\/politica-de-privacidad\/","og_locale":"ca_ES","og_type":"article","og_title":"T\u00e9rminos y condiciones -","og_description":"T\u00c9RMINOS Y CONDICIONES \u00a0 T\u00e9rminos y condiciones de la reserva de un viaje con nosotros: Pago de una reserva: \u2013 [&hellip;]","og_url":"https:\/\/nomad-tribe.com\/index.php\/politica-de-privacidad\/","article_modified_time":"2026-02-03T18:10:25+00:00","twitter_card":"summary_large_image","twitter_misc":{"Temps estimat de lectura":"8 minuts"},"schema":{"@context":"https:\/\/schema.org","@graph":[{"@type":"WebPage","@id":"https:\/\/nomad-tribe.com\/index.php\/politica-de-privacidad\/","url":"https:\/\/nomad-tribe.com\/index.php\/politica-de-privacidad\/","name":"T\u00e9rminos y condiciones -","isPartOf":{"@id":"https:\/\/nomad-tribe.com\/#website"},"datePublished":"2026-02-03T17:34:54+00:00","dateModified":"2026-02-03T18:10:25+00:00","breadcrumb":{"@id":"https:\/\/nomad-tribe.com\/index.php\/politica-de-privacidad\/#breadcrumb"},"inLanguage":"ca","potentialAction":[{"@type":"ReadAction","target":["https:\/\/nomad-tribe.com\/index.php\/politica-de-privacidad\/"]}]},{"@type":"BreadcrumbList","@id":"https:\/\/nomad-tribe.com\/index.php\/politica-de-privacidad\/#breadcrumb","itemListElement":[{"@type":"ListItem","position":1,"name":"Inici","item":"https:\/\/nomad-tribe.com\/"},{"@type":"ListItem","position":2,"name":"T\u00e9rminos y condiciones"}]},{"@type":"WebSite","@id":"https:\/\/nomad-tribe.com\/#website","url":"https:\/\/nomad-tribe.com\/","name":"","description":"Viatges que es viuen un cop a la vida","potentialAction":[{"@type":"SearchAction","target":{"@type":"EntryPoint","urlTemplate":"https:\/\/nomad-tribe.com\/?s={search_term_string}"},"query-input":{"@type":"PropertyValueSpecification","valueRequired":true,"valueName":"search_term_string"}}],"inLanguage":"ca"}]}},"_links":{"self":[{"href":"https:\/\/nomad-tribe.com\/index.php\/wp-json\/wp\/v2\/pages\/1515","targetHints":{"allow":["GET"]}}],"collection":[{"href":"https:\/\/nomad-tribe.com\/index.php\/wp-json\/wp\/v2\/pages"}],"about":[{"href":"https:\/\/nomad-tribe.com\/index.php\/wp-json\/wp\/v2\/types\/page"}],"author":[{"embeddable":true,"href":"https:\/\/nomad-tribe.com\/index.php\/wp-json\/wp\/v2\/users\/1"}],"replies":[{"embeddable":true,"href":"https:\/\/nomad-tribe.com\/index.php\/wp-json\/wp\/v2\/comments?post=1515"}],"version-history":[{"count":4,"href":"https:\/\/nomad-tribe.com\/index.php\/wp-json\/wp\/v2\/pages\/1515\/revisions"}],"predecessor-version":[{"id":1525,"href":"https:\/\/nomad-tribe.com\/index.php\/wp-json\/wp\/v2\/pages\/1515\/revisions\/1525"}],"wp:attachment":[{"href":"https:\/\/nomad-tribe.com\/index.php\/wp-json\/wp\/v2\/media?parent=1515"}],"curies":[{"name":"wp","href":"https:\/\/api.w.org\/{rel}","templated":true}]}}