{"id":30,"date":"2025-12-14T17:19:29","date_gmt":"2025-12-14T17:19:29","guid":{"rendered":"http:\/\/nomad-tribe.com\/?page_id=30"},"modified":"2026-03-10T20:01:07","modified_gmt":"2026-03-10T20:01:07","slug":"qui-som","status":"publish","type":"page","link":"https:\/\/nomad-tribe.com\/index.php\/qui-som\/","title":{"rendered":"La Tribu"},"content":{"rendered":"\t\t<div data-elementor-type=\"wp-page\" data-elementor-id=\"30\" class=\"elementor elementor-30\">\n\t\t\t\t<div class=\"elementor-element elementor-element-e4fca40 e-flex e-con-boxed e-con e-parent\" data-id=\"e4fca40\" data-element_type=\"container\" data-e-type=\"container\" data-settings=\"{&quot;background_background&quot;:&quot;classic&quot;}\">\n\t\t\t\t\t<div class=\"e-con-inner\">\n\t\t\t\t<div class=\"elementor-element elementor-element-5925855 elementor-widget elementor-widget-heading\" data-id=\"5925855\" data-element_type=\"widget\" data-e-type=\"widget\" data-widget_type=\"heading.default\">\n\t\t\t\t\t<h2 class=\"elementor-heading-title elementor-size-default\">La tribu<\/h2>\t\t\t\t<\/div>\n\t\t\t\t\t<\/div>\n\t\t\t\t<\/div>\n\t\t<div class=\"elementor-element elementor-element-3335194 e-flex e-con-boxed e-con e-parent\" data-id=\"3335194\" data-element_type=\"container\" data-e-type=\"container\" data-settings=\"{&quot;background_background&quot;:&quot;gradient&quot;}\">\n\t\t\t\t\t<div class=\"e-con-inner\">\n\t\t\t\t<div class=\"elementor-element elementor-element-97e6aac elementor-widget elementor-widget-heading\" data-id=\"97e6aac\" data-element_type=\"widget\" data-e-type=\"widget\" data-widget_type=\"heading.default\">\n\t\t\t\t\t<h2 class=\"elementor-heading-title elementor-size-default\">Somos Tania y Marc<\/h2>\t\t\t\t<\/div>\n\t\t\t\t<div class=\"elementor-element elementor-element-b43f676 elementor-widget elementor-widget-heading\" data-id=\"b43f676\" data-element_type=\"widget\" data-e-type=\"widget\" data-widget_type=\"heading.default\">\n\t\t\t\t\t<h2 class=\"elementor-heading-title elementor-size-default\">Estamos muy contentos e ilusionados de presentaros nuestro apasionante proyecto de VIAJES DE AVENTURA!<\/h2>\t\t\t\t<\/div>\n\t\t\t\t<div class=\"elementor-element elementor-element-450d322 elementor-widget elementor-widget-text-editor\" data-id=\"450d322\" data-element_type=\"widget\" data-e-type=\"widget\" data-widget_type=\"text-editor.default\">\n\t\t\t\t\t\t\t\t\t<p>Antes de hablar de viajes, queremos hacer menci\u00f3n a c\u00f3mo nos definimos como proyecto y con qu\u00e9 intenci\u00f3n y objetivo social nos dirigimos a todos vosotros. Somos TRIBU puesto que somos un clan, una familia. Todas las personas que nos acompa\u00f1en en este apasionante camino y de disfrutar de lo que m\u00e1s nos gusta que es viajar y conocer mundo, pasar\u00e1n a formar parte de esta tribu. Nos ayudamos, disfrutamos, respetamos nuestros espacios, somos flexibles con los pensamientos y tomas de decisi\u00f3n de cada participante&#8230; y adem\u00e1s somos N\u00d3MADAS, siempre en busca de los mejores destinos en el mejor momento del a\u00f1o. Teniendo en cuenta las condiciones meteorol\u00f3gicas, oferta natural del territorio y, sobre todo, huyendo de espacios con turismo masivo e insostenible.<\/p><p>Despu\u00e9s de m\u00e1s de una d\u00e9cada viajando por el mundo y recorriendo parajes maravillosos tanto a nivel acu\u00e1tico, des\u00e9rtico, selv\u00e1tico, monta\u00f1oso&#8230; tenemos muchas ganas de compartir EXPERIENCIAS \u00daNICAS y EXCLUSIVAS con todos vosotros!<\/p><p>Es por eso que nace NOMAD TRIBE, con el objetivo de organizar viajes EXCLUSIVOS, AUT\u00c9NTICOS Y SOSTENIBLES CON EL MEDIO AMBIENTE Y EL COMERCIO LOCAL. Ser\u00e1n lugares que todo el mundo con ganas de viajar tendr\u00eda que vivir AL MENOS UNA VEZ EN LA VIDA.<\/p><p>Todas nuestras propuestas ser\u00e1n dise\u00f1adas y destinadas para gente que tenga el verdadero ESP\u00cdRITU VIAJERO y quieran cumplir sue\u00f1os que hasta ahora no se hayan atrevido a realizar por falta de informaci\u00f3n, motivaci\u00f3n, compa\u00f1\u00eda&#8230; Desde\u00a0NOMAD TRIBE facilitaremos a todos los viajeros que nos acompa\u00f1en a que tengan un viaje c\u00f3modo pero al mismo tiempo fascinante y de aventura en todo momento. Nos alejamos de los viajes \u201ctodo incluido\u201d con grandes hoteles, pulsera todo incluido y tours organizados por multinacionales. NOS GUSTA VIVIR LA EXPERIENCIA REAL, con una profunda inmersi\u00f3n cultural y del espacio natural del destino en cuesti\u00f3n.<\/p><p>Cada experiencia est\u00e1 pensada a medida donde todos los detalles del viaje est\u00e1n gestionados para ofrecer la m\u00e1xima calidad posible con los mejores precios del mercado. Aptos para VIAJEROS INDIVIDUALES, PAREJAS y FAMILIAS.<\/p><p>Nosotros ofrecemos VIAJES DE ALTA CALIDAD, colaborando con GENTE Y COMERCIO LOCAL, donde el lujo lo buscamos en la NATURALEZA y en todas las personas que nos rodean durante la aventura. Buscamos viajeros que les apasione conocer el mundo desde una visi\u00f3n SOSTENIBLE y SALUDABLE, que sea consciente y responsable con todo lo que le rodea y est\u00e9 abierto y expectante a todo aquello que la naturaleza ofrece.<\/p><p>La naturaleza es imprevisible y siempre nos regala experiencias inolvidables. Lo \u00fanico que podemos garantizar y asegurar es una EXPERIENCIA AUT\u00c9NTICA, LOCAL Y SOSTENIBLE, RESPETO POR LA NATURALEZA Y SEGURIDAD. Sin duda, ser\u00e1 un viaje que quedar\u00e1 grabado para siempre en tu MEMORIA.<\/p><p>Si te sientes identificado con todos estos VALORES y DIN\u00c1MICAS, no dudes en consultar los VIAJES QUE OFRECEMOS y contactar por toda la INFORMACI\u00d3N que necesites.<\/p><p>No lo dudes y \u00a1\u00daNETE A LA TRIBU!<\/p>\t\t\t\t\t\t\t\t<\/div>\n\t\t<div class=\"elementor-element elementor-element-2c585e1 e-grid e-con-full e-con e-child\" data-id=\"2c585e1\" data-element_type=\"container\" data-e-type=\"container\">\n\t\t\t\t<div class=\"elementor-element elementor-element-e1ecd7f eael-team-align-centered elementor-widget elementor-widget-eael-team-member\" data-id=\"e1ecd7f\" data-element_type=\"widget\" data-e-type=\"widget\" data-widget_type=\"eael-team-member.default\">\n\t\t\t\t\t\n\n\t<div id=\"eael-team-member-e1ecd7f\" class=\"eael-team-item eael-team-members-simple \">\n\t\t<div class=\"eael-team-item-inner\">\n\t\t\t<div class=\"eael-team-image\">\n\t\t\t\t<figure>\n\t\t\t\t\t\t\t\t\t\t<img decoding=\"async\" src=\"https:\/\/nomad-tribe.com\/wp-content\/uploads\/2026\/01\/CARRET6-scaled-e1769456965808.jpg\" alt=\"\">\n\t\t\t\t\t\t\t\t\t<\/figure>\n\t\t\t\t\n\t\t\t\t\n\t\t\t<\/div>\n\n\t\t\t<div class=\"eael-team-content\">\n\t\t\t\t<h2 class=\"eael-team-member-name\">Tania Morocha<\/h2><h3 class=\"eael-team-member-position\"><\/h3>\n\t\t\t\t\t\t\t\t\t\t\t\t\t\t<p class=\"eael-team-text\">\"Hola, soy TANIA!\u00a0\n\nDesde muy peque\u00f1a he sido una apasionada de la naturaleza y, sobre todo,\u00a0 una freaky\u00a0de los animales. No ten\u00eda dos a\u00f1os de vida que ya coleccionaba libros de National Geographic\u00a0para estar al corriente de todo lo que pasaba en el reino animal; a todo esto, no sab\u00eda ni siquiera leer... pero ten\u00eda m\u00e1s inter\u00e9s por el funcionamiento y comportamiento de los animales que por los humanos.\u00a0\n\nDurante mi juventud trabaj\u00e9 en diferentes \u00e1mbitos tur\u00edsticos y relacionados con la hosteler\u00eda, ya que soy hija del Empord\u00e0 y el Cap de Creus, donde gran parte de la actividad va destinada al turismo. Aun y as\u00ed, siempre so\u00f1aba en descubrir mundo y adentrarme en todos los para\u00edsos naturales que tantos a\u00f1os hab\u00eda seguido a trav\u00e9s\u00a0de infinitos documentales de televisi\u00f3n. Sab\u00eda que por all\u00e1 donde se pon\u00eda el sol, exist\u00eda un inmenso horizonte que esperaba mi llegada.\u00a0\n\nFue en el a\u00f1o 2016 cuando levant\u00e9 el vuelo y decid\u00ed descubrir nuevos oc\u00e9anos. El destino fue M\u00e9xico, donde me reencontr\u00e9 con aquello que nunca hab\u00eda vivido pero siempre hab\u00eda llevar dentro de m\u00ed. Desde entonces, ya nunca m\u00e1s he podido parar de explorar mundo e ir a por todas aquellas aventuras que me emocionan y me llenan el alma. Entre otros, he podido explorar las tierras y los mares de pa\u00edses tan incre\u00edbles como Indonesia, Tailandia, la costa del Caribe, la Baja\u00a0California... y con muchas ganas e ilusi\u00f3n de seguir sumando experiencias, ya sea sola, con amigos o con mi compa\u00f1ero de aventuras de los \u00faltimos a\u00f1os, Marc.\u00a0\n\nAhora es el momento de dar un paso adelante y poder dedicar todo aquello que he aprendido a lo largo de mi vida, tanto como viajera como profesional del turismo y depositarlo en este nuevo proyecto: Nomad Tribe. Tambi\u00e9n soy gu\u00eda\u00a0de snorkel, profesional del buceo, patrona y tengo experiencia en organizar y gestionar grupos en distintos \u00e1mbitos.\u00a0\n\nMe hace mucha ilusi\u00f3n poder compartir experiencias de aventura en destinos paradis\u00edacos con todos aquellos que aman viajar.\u00a0\n\nSi a ti tambi\u00e9n te remueve el sentimiento de sentirte libre mientras exploras el mundo y conoces nuevas culturas, no dudes en unirte a la aventura que te propone Nomad Tribe! Siempre con el esp\u00edritu viajero, responsable y consciente con todo el que nos ofrece el camino del viaje.\"<\/p>\n\t\t\t\t\t\t\t<\/div>\n\t\t<\/div>\n\t<\/div>\n\t\t\t\t\t<\/div>\n\t\t\t\t<div class=\"elementor-element elementor-element-94d317c eael-team-align-centered elementor-widget elementor-widget-eael-team-member\" data-id=\"94d317c\" data-element_type=\"widget\" data-e-type=\"widget\" data-widget_type=\"eael-team-member.default\">\n\t\t\t\t\t\n\n\t<div id=\"eael-team-member-94d317c\" class=\"eael-team-item eael-team-members-simple \">\n\t\t<div class=\"eael-team-item-inner\">\n\t\t\t<div class=\"eael-team-image\">\n\t\t\t\t<figure>\n\t\t\t\t\t\t\t\t\t\t<img decoding=\"async\" src=\"https:\/\/nomad-tribe.com\/wp-content\/uploads\/2026\/01\/turtle.jpg\" alt=\"\">\n\t\t\t\t\t\t\t\t\t<\/figure>\n\t\t\t\t\n\t\t\t\t\n\t\t\t<\/div>\n\n\t\t\t<div class=\"eael-team-content\">\n\t\t\t\t<h2 class=\"eael-team-member-name\">Marc Barba Negra<\/h2><h3 class=\"eael-team-member-position\"><\/h3>\n\t\t\t\t\t\t\t\t\t\t\t\t\t\t<p class=\"eael-team-text\">\"Hola, soy MARC!\n\nApasionado de la aventura y la inmersi\u00f3n cultural. Mi experiencia como aventurero empez\u00f3 en 2015 cuando, despu\u00e9s de cursar el grado universitario, decid\u00ed irme de mi espacio de confort y empezar un nuevo proyecto de vida en \u00c1frica. Estuve durante un a\u00f1o viviendo en Cape\u00a0Town\u00a0(Sud\u00e1frica), y destin\u00e9 parte de mi tiempo libre a explorar algunos de los pa\u00edses vecinos como\u00a0Namibia, Botswana, Zimbabue y Mo\u00e7ambique... Realmente fue una experiencia brutal que me abri\u00f3 las puertas al mundo del viaje. Desde entonces, ya nunca m\u00e1s he podido parar de viajar y explorar mundo! Es un sentimiento que me hace sentir vivo, darle sentido a mi vida. Conocer, explorar, sentirme lejos de casa, que cada d\u00eda sea diferente, no saber nunca donde acabar\u00e1 el d\u00eda, ni con qui\u00e9n... son emociones que dif\u00edcilmente las pueda sentir en mi \u00e1mbito de confort.\u00a0\n\nEntre otras cosas, soy el fundador y administrador de\u00a0Piratas del Cap de Creus, empresa que nos dedicamos a los paseos o charters en barca por el majestuoso Parque Natural del Cap de Creus. Experiencia en turismo, guiajes terrestres, acu\u00e1ticos, instructor de submarinismo, sostenibilidad y ecolog\u00eda. Son algunos de los rasgos que me definen como persona y entusiasmado de los espacios naturales y las personas que me rodean.\u00a0\n\nHe dedicado parte de los \u00faltimos a\u00f1os a hacer temporadas de verano y viajar en invierno. El submarinismo ha sido uno de los grandes objetivos y me ha conducido a lugares tan brutales como Indonesia, Filipinas, Tailandia, La\u00a0Baja\u00a0California... pero tambi\u00e9n soy un apasionado de la monta\u00f1a y todo el que nos ofrece el bosque y la selva. He tenido la suerte de poder disfrutar de parajes tan brutales como los Himalaya, los Andes, la Amazonas,\u00a0Yosemite, Laponia... y he tenido la suerte\u00a0de haber compartido gran\u00a0parte de estas aventuras con mi compa\u00f1era de vida, Tania!\u00a0\n\nAhora es momento de compartir todas estas emociones con vosotros. Tengo la gran motivaci\u00f3n de poder acompa\u00f1ar a todos aquellos con esp\u00edritu viajero a disfrutar de la grandeza del viajar!\"<\/p>\n\t\t\t\t\t\t\t<\/div>\n\t\t<\/div>\n\t<\/div>\n\t\t\t\t\t<\/div>\n\t\t\t\t<\/div>\n\t\t\t\t\t<\/div>\n\t\t\t\t<\/div>\n\t\t<div class=\"elementor-element elementor-element-8423a57 e-flex e-con-boxed e-con e-parent\" data-id=\"8423a57\" data-element_type=\"container\" data-e-type=\"container\" data-settings=\"{&quot;background_background&quot;:&quot;classic&quot;}\">\n\t\t\t\t\t<div class=\"e-con-inner\">\n\t\t<div class=\"elementor-element elementor-element-0906c00 e-con-full e-flex e-con e-child\" data-id=\"0906c00\" data-element_type=\"container\" data-e-type=\"container\">\n\t\t\t\t<div class=\"elementor-element elementor-element-7a3d87a elementor-widget elementor-widget-heading\" data-id=\"7a3d87a\" data-element_type=\"widget\" data-e-type=\"widget\" data-widget_type=\"heading.default\">\n\t\t\t\t\t<h3 class=\"elementor-heading-title elementor-size-default\">Contacta con nosotros<\/h3>\t\t\t\t<\/div>\n\t\t\t\t<div class=\"elementor-element elementor-element-46b7e83 elementor-widget__width-initial eael-contact-form-7-button-align-left eael-contact-form-7-button-custom elementor-widget elementor-widget-eael-contact-form-7\" data-id=\"46b7e83\" data-element_type=\"widget\" data-e-type=\"widget\" data-widget_type=\"eael-contact-form-7.default\">\n\t\t\t\t\t<div class=\"eael-contact-form-7-wrapper\">\n                <div class=\"eael-contact-form eael-contact-form-7 eael-contact-form-46b7e83 placeholder-show eael-contact-form-align-default\">\n<div class=\"wpcf7 no-js\" id=\"wpcf7-f113-o1\" lang=\"ca\" dir=\"ltr\" data-wpcf7-id=\"113\">\n<div class=\"screen-reader-response\"><p role=\"status\" aria-live=\"polite\" aria-atomic=\"true\"><\/p> <ul><\/ul><\/div>\n<form action=\"\/index.php\/wp-json\/wp\/v2\/pages\/30#wpcf7-f113-o1\" method=\"post\" class=\"wpcf7-form init\" aria-label=\"Formulari de contacte\" novalidate=\"novalidate\" data-status=\"init\">\n<fieldset class=\"hidden-fields-container\"><input type=\"hidden\" name=\"_wpcf7\" value=\"113\" \/><input type=\"hidden\" name=\"_wpcf7_version\" value=\"6.1.4\" \/><input type=\"hidden\" name=\"_wpcf7_locale\" value=\"ca\" \/><input type=\"hidden\" name=\"_wpcf7_unit_tag\" value=\"wpcf7-f113-o1\" \/><input type=\"hidden\" name=\"_wpcf7_container_post\" value=\"0\" \/><input type=\"hidden\" name=\"_wpcf7_posted_data_hash\" value=\"\" \/>\n<\/fieldset>\n<p><label> Nombre<br \/>\n<span class=\"wpcf7-form-control-wrap\" data-name=\"your-name\"><input size=\"40\" maxlength=\"400\" class=\"wpcf7-form-control wpcf7-text wpcf7-validates-as-required\" autocomplete=\"name\" aria-required=\"true\" aria-invalid=\"false\" value=\"\" type=\"text\" name=\"your-name\" \/><\/span> <\/label>\n<\/p>\n<p><label> Email<br \/>\n<span class=\"wpcf7-form-control-wrap\" data-name=\"your-email\"><input size=\"40\" maxlength=\"400\" class=\"wpcf7-form-control wpcf7-email wpcf7-validates-as-required wpcf7-text wpcf7-validates-as-email\" autocomplete=\"email\" aria-required=\"true\" aria-invalid=\"false\" value=\"\" type=\"email\" name=\"your-email\" \/><\/span> <\/label>\n<\/p>\n<p><label> Asunto<br \/>\n<span class=\"wpcf7-form-control-wrap\" data-name=\"your-subject\"><input size=\"40\" maxlength=\"400\" class=\"wpcf7-form-control wpcf7-text wpcf7-validates-as-required\" aria-required=\"true\" aria-invalid=\"false\" value=\"\" type=\"text\" name=\"your-subject\" \/><\/span> <\/label>\n<\/p>\n<p><label> Mensaje<br \/>\n<span class=\"wpcf7-form-control-wrap\" data-name=\"your-message\"><textarea cols=\"40\" rows=\"10\" maxlength=\"2000\" class=\"wpcf7-form-control wpcf7-textarea\" aria-invalid=\"false\" name=\"your-message\"><\/textarea><\/span> <\/label>\n<\/p>\n<p><input class=\"wpcf7-form-control wpcf7-submit has-spinner\" type=\"submit\" value=\"Envia\" \/>\n<\/p><p style=\"display: none !important;\" class=\"akismet-fields-container\" data-prefix=\"_wpcf7_ak_\"><label>&#916;<textarea name=\"_wpcf7_ak_hp_textarea\" cols=\"45\" rows=\"8\" maxlength=\"100\"><\/textarea><\/label><input type=\"hidden\" id=\"ak_js_1\" name=\"_wpcf7_ak_js\" value=\"1\"\/><script>document.getElementById( \"ak_js_1\" ).setAttribute( \"value\", ( new Date() ).getTime() );<\/script><\/p><div class=\"wpcf7-response-output\" aria-hidden=\"true\"><\/div>\n<\/form>\n<\/div>\n<\/div>\n            <\/div>\t\t\t\t<\/div>\n\t\t\t\t<\/div>\n\t\t\t\t\t<\/div>\n\t\t\t\t<\/div>\n\t\t\t\t<\/div>\n\t\t","protected":false},"excerpt":{"rendered":"<p>La tribu Somos Tania y Marc Estamos muy contentos e ilusionados de presentaros nuestro apasionante proyecto de VIAJES DE AVENTURA! [&hellip;]<\/p>\n","protected":false},"author":1,"featured_media":0,"parent":0,"menu_order":0,"comment_status":"closed","ping_status":"closed","template":"","meta":{"site-sidebar-layout":"no-sidebar","site-content-layout":"","ast-site-content-layout":"full-width-container","site-content-style":"default","site-sidebar-style":"default","ast-global-header-display":"","ast-banner-title-visibility":"","ast-main-header-display":"","ast-hfb-above-header-display":"","ast-hfb-below-header-display":"","ast-hfb-mobile-header-display":"","site-post-title":"disabled","ast-breadcrumbs-content":"","ast-featured-img":"disabled","footer-sml-layout":"","ast-disable-related-posts":"","theme-transparent-header-meta":"","adv-header-id-meta":"","stick-header-meta":"","header-above-stick-meta":"","header-main-stick-meta":"","header-below-stick-meta":"","astra-migrate-meta-layouts":"default","ast-page-background-enabled":"default","ast-page-background-meta":{"desktop":{"background-color":"var(--ast-global-color-5)","background-image":"","background-repeat":"repeat","background-position":"center center","background-size":"auto","background-attachment":"scroll","background-type":"","background-media":"","overlay-type":"","overlay-color":"","overlay-opacity":"","overlay-gradient":""},"tablet":{"background-color":"","background-image":"","background-repeat":"repeat","background-position":"center center","background-size":"auto","background-attachment":"scroll","background-type":"","background-media":"","overlay-type":"","overlay-color":"","overlay-opacity":"","overlay-gradient":""},"mobile":{"background-color":"","background-image":"","background-repeat":"repeat","background-position":"center center","background-size":"auto","background-attachment":"scroll","background-type":"","background-media":"","overlay-type":"","overlay-color":"","overlay-opacity":"","overlay-gradient":""}},"ast-content-background-meta":{"desktop":{"background-color":"var(--ast-global-color-4)","background-image":"","background-repeat":"repeat","background-position":"center center","background-size":"auto","background-attachment":"scroll","background-type":"","background-media":"","overlay-type":"","overlay-color":"","overlay-opacity":"","overlay-gradient":""},"tablet":{"background-color":"var(--ast-global-color-4)","background-image":"","background-repeat":"repeat","background-position":"center center","background-size":"auto","background-attachment":"scroll","background-type":"","background-media":"","overlay-type":"","overlay-color":"","overlay-opacity":"","overlay-gradient":""},"mobile":{"background-color":"var(--ast-global-color-4)","background-image":"","background-repeat":"repeat","background-position":"center center","background-size":"auto","background-attachment":"scroll","background-type":"","background-media":"","overlay-type":"","overlay-color":"","overlay-opacity":"","overlay-gradient":""}},"footnotes":""},"class_list":["post-30","page","type-page","status-publish","hentry"],"yoast_head":"<!-- This site is optimized with the Yoast SEO plugin v27.3 - https:\/\/yoast.com\/product\/yoast-seo-wordpress\/ -->\n<title>La Tribu -<\/title>\n<meta name=\"robots\" content=\"index, follow, max-snippet:-1, max-image-preview:large, max-video-preview:-1\" \/>\n<link rel=\"canonical\" href=\"https:\/\/nomad-tribe.com\/index.php\/qui-som\/\" \/>\n<meta property=\"og:locale\" content=\"ca_ES\" \/>\n<meta property=\"og:type\" content=\"article\" \/>\n<meta property=\"og:title\" content=\"La Tribu -\" \/>\n<meta property=\"og:description\" content=\"La tribu Somos Tania y Marc Estamos muy contentos e ilusionados de presentaros nuestro apasionante proyecto de VIAJES DE AVENTURA! [&hellip;]\" \/>\n<meta property=\"og:url\" content=\"https:\/\/nomad-tribe.com\/index.php\/qui-som\/\" \/>\n<meta property=\"article:modified_time\" content=\"2026-03-10T20:01:07+00:00\" \/>\n<meta property=\"og:image\" content=\"https:\/\/nomad-tribe.com\/wp-content\/uploads\/2026\/01\/CARRET6-scaled-e1769456965808.jpg\" \/>\n<meta name=\"twitter:card\" content=\"summary_large_image\" \/>\n<meta name=\"twitter:label1\" content=\"Temps estimat de lectura\" \/>\n\t<meta name=\"twitter:data1\" content=\"8 minuts\" \/>\n<script type=\"application\/ld+json\" class=\"yoast-schema-graph\">{\"@context\":\"https:\\\/\\\/schema.org\",\"@graph\":[{\"@type\":\"WebPage\",\"@id\":\"https:\\\/\\\/nomad-tribe.com\\\/index.php\\\/qui-som\\\/\",\"url\":\"https:\\\/\\\/nomad-tribe.com\\\/index.php\\\/qui-som\\\/\",\"name\":\"La Tribu -\",\"isPartOf\":{\"@id\":\"https:\\\/\\\/nomad-tribe.com\\\/#website\"},\"primaryImageOfPage\":{\"@id\":\"https:\\\/\\\/nomad-tribe.com\\\/index.php\\\/qui-som\\\/#primaryimage\"},\"image\":{\"@id\":\"https:\\\/\\\/nomad-tribe.com\\\/index.php\\\/qui-som\\\/#primaryimage\"},\"thumbnailUrl\":\"https:\\\/\\\/nomad-tribe.com\\\/wp-content\\\/uploads\\\/2026\\\/01\\\/CARRET6-scaled-e1769456965808.jpg\",\"datePublished\":\"2025-12-14T17:19:29+00:00\",\"dateModified\":\"2026-03-10T20:01:07+00:00\",\"breadcrumb\":{\"@id\":\"https:\\\/\\\/nomad-tribe.com\\\/index.php\\\/qui-som\\\/#breadcrumb\"},\"inLanguage\":\"ca\",\"potentialAction\":[{\"@type\":\"ReadAction\",\"target\":[\"https:\\\/\\\/nomad-tribe.com\\\/index.php\\\/qui-som\\\/\"]}]},{\"@type\":\"ImageObject\",\"inLanguage\":\"ca\",\"@id\":\"https:\\\/\\\/nomad-tribe.com\\\/index.php\\\/qui-som\\\/#primaryimage\",\"url\":\"https:\\\/\\\/nomad-tribe.com\\\/wp-content\\\/uploads\\\/2026\\\/01\\\/CARRET6-scaled-e1769456965808.jpg\",\"contentUrl\":\"https:\\\/\\\/nomad-tribe.com\\\/wp-content\\\/uploads\\\/2026\\\/01\\\/CARRET6-scaled-e1769456965808.jpg\",\"width\":1920,\"height\":1084},{\"@type\":\"BreadcrumbList\",\"@id\":\"https:\\\/\\\/nomad-tribe.com\\\/index.php\\\/qui-som\\\/#breadcrumb\",\"itemListElement\":[{\"@type\":\"ListItem\",\"position\":1,\"name\":\"Inici\",\"item\":\"https:\\\/\\\/nomad-tribe.com\\\/\"},{\"@type\":\"ListItem\",\"position\":2,\"name\":\"La Tribu\"}]},{\"@type\":\"WebSite\",\"@id\":\"https:\\\/\\\/nomad-tribe.com\\\/#website\",\"url\":\"https:\\\/\\\/nomad-tribe.com\\\/\",\"name\":\"\",\"description\":\"Viatges que es viuen un cop a la vida\",\"potentialAction\":[{\"@type\":\"SearchAction\",\"target\":{\"@type\":\"EntryPoint\",\"urlTemplate\":\"https:\\\/\\\/nomad-tribe.com\\\/?s={search_term_string}\"},\"query-input\":{\"@type\":\"PropertyValueSpecification\",\"valueRequired\":true,\"valueName\":\"search_term_string\"}}],\"inLanguage\":\"ca\"}]}<\/script>\n<!-- \/ Yoast SEO plugin. -->","yoast_head_json":{"title":"La Tribu -","robots":{"index":"index","follow":"follow","max-snippet":"max-snippet:-1","max-image-preview":"max-image-preview:large","max-video-preview":"max-video-preview:-1"},"canonical":"https:\/\/nomad-tribe.com\/index.php\/qui-som\/","og_locale":"ca_ES","og_type":"article","og_title":"La Tribu -","og_description":"La tribu Somos Tania y Marc Estamos muy contentos e ilusionados de presentaros nuestro apasionante proyecto de VIAJES DE AVENTURA! [&hellip;]","og_url":"https:\/\/nomad-tribe.com\/index.php\/qui-som\/","article_modified_time":"2026-03-10T20:01:07+00:00","og_image":[{"url":"https:\/\/nomad-tribe.com\/wp-content\/uploads\/2026\/01\/CARRET6-scaled-e1769456965808.jpg","type":"","width":"","height":""}],"twitter_card":"summary_large_image","twitter_misc":{"Temps estimat de lectura":"8 minuts"},"schema":{"@context":"https:\/\/schema.org","@graph":[{"@type":"WebPage","@id":"https:\/\/nomad-tribe.com\/index.php\/qui-som\/","url":"https:\/\/nomad-tribe.com\/index.php\/qui-som\/","name":"La Tribu -","isPartOf":{"@id":"https:\/\/nomad-tribe.com\/#website"},"primaryImageOfPage":{"@id":"https:\/\/nomad-tribe.com\/index.php\/qui-som\/#primaryimage"},"image":{"@id":"https:\/\/nomad-tribe.com\/index.php\/qui-som\/#primaryimage"},"thumbnailUrl":"https:\/\/nomad-tribe.com\/wp-content\/uploads\/2026\/01\/CARRET6-scaled-e1769456965808.jpg","datePublished":"2025-12-14T17:19:29+00:00","dateModified":"2026-03-10T20:01:07+00:00","breadcrumb":{"@id":"https:\/\/nomad-tribe.com\/index.php\/qui-som\/#breadcrumb"},"inLanguage":"ca","potentialAction":[{"@type":"ReadAction","target":["https:\/\/nomad-tribe.com\/index.php\/qui-som\/"]}]},{"@type":"ImageObject","inLanguage":"ca","@id":"https:\/\/nomad-tribe.com\/index.php\/qui-som\/#primaryimage","url":"https:\/\/nomad-tribe.com\/wp-content\/uploads\/2026\/01\/CARRET6-scaled-e1769456965808.jpg","contentUrl":"https:\/\/nomad-tribe.com\/wp-content\/uploads\/2026\/01\/CARRET6-scaled-e1769456965808.jpg","width":1920,"height":1084},{"@type":"BreadcrumbList","@id":"https:\/\/nomad-tribe.com\/index.php\/qui-som\/#breadcrumb","itemListElement":[{"@type":"ListItem","position":1,"name":"Inici","item":"https:\/\/nomad-tribe.com\/"},{"@type":"ListItem","position":2,"name":"La Tribu"}]},{"@type":"WebSite","@id":"https:\/\/nomad-tribe.com\/#website","url":"https:\/\/nomad-tribe.com\/","name":"","description":"Viatges que es viuen un cop a la vida","potentialAction":[{"@type":"SearchAction","target":{"@type":"EntryPoint","urlTemplate":"https:\/\/nomad-tribe.com\/?s={search_term_string}"},"query-input":{"@type":"PropertyValueSpecification","valueRequired":true,"valueName":"search_term_string"}}],"inLanguage":"ca"}]}},"_links":{"self":[{"href":"https:\/\/nomad-tribe.com\/index.php\/wp-json\/wp\/v2\/pages\/30","targetHints":{"allow":["GET"]}}],"collection":[{"href":"https:\/\/nomad-tribe.com\/index.php\/wp-json\/wp\/v2\/pages"}],"about":[{"href":"https:\/\/nomad-tribe.com\/index.php\/wp-json\/wp\/v2\/types\/page"}],"author":[{"embeddable":true,"href":"https:\/\/nomad-tribe.com\/index.php\/wp-json\/wp\/v2\/users\/1"}],"replies":[{"embeddable":true,"href":"https:\/\/nomad-tribe.com\/index.php\/wp-json\/wp\/v2\/comments?post=30"}],"version-history":[{"count":76,"href":"https:\/\/nomad-tribe.com\/index.php\/wp-json\/wp\/v2\/pages\/30\/revisions"}],"predecessor-version":[{"id":1929,"href":"https:\/\/nomad-tribe.com\/index.php\/wp-json\/wp\/v2\/pages\/30\/revisions\/1929"}],"wp:attachment":[{"href":"https:\/\/nomad-tribe.com\/index.php\/wp-json\/wp\/v2\/media?parent=30"}],"curies":[{"name":"wp","href":"https:\/\/api.w.org\/{rel}","templated":true}]}}